{"id":8,"date":"2020-10-19T06:30:01","date_gmt":"2020-10-19T04:30:01","guid":{"rendered":"http:\/\/www.huiles-d-olive.net\/?page_id=8"},"modified":"2020-10-20T21:19:19","modified_gmt":"2020-10-20T19:19:19","slug":"contact","status":"publish","type":"page","link":"https:\/\/www.huiles-d-olive.net\/index.php\/contact\/","title":{"rendered":"La r\u00e9colte"},"content":{"rendered":"\n<p>La r\u00e9colte est r\u00e9alis\u00e9e en fin d&rsquo;ann\u00e9e, autour des mois de novembre \/ d\u00e9cembre, \u00e0 l&rsquo;aide perches \u00e9lectriques, pour faire tomber les olives dans des filets. Les olives sont ensuite regroup\u00e9es, tri\u00e9es pour enlever les morceaux de bois et les feuilles, puis elles sont emmen\u00e9es \u00e0 la coop\u00e9rative ol\u00e9icole pour la trituration.<\/p>\n\n\n\n<p><\/p>\n","protected":false},"excerpt":{"rendered":"<p>La r\u00e9colte est r\u00e9alis\u00e9e en fin d&rsquo;ann\u00e9e, autour des mois de novembre \/ d\u00e9cembre, \u00e0 l&rsquo;aide perches \u00e9lectriques, pour faire tomber les olives dans des filets. Les olives sont ensuite regroup\u00e9es, tri\u00e9es pour enlever les morceaux de bois et les feuilles, puis elles sont emmen\u00e9es \u00e0 la coop\u00e9rative ol\u00e9icole pour la trituration.<\/p>\n","protected":false},"author":1,"featured_media":55,"parent":0,"menu_order":0,"comment_status":"closed","ping_status":"closed","template":"","meta":{"footnotes":""},"class_list":["post-8","page","type-page","status-publish","has-post-thumbnail","hentry"],"_links":{"self":[{"href":"https:\/\/www.huiles-d-olive.net\/index.php\/wp-json\/wp\/v2\/pages\/8","targetHints":{"allow":["GET"]}}],"collection":[{"href":"https:\/\/www.huiles-d-olive.net\/index.php\/wp-json\/wp\/v2\/pages"}],"about":[{"href":"https:\/\/www.huiles-d-olive.net\/index.php\/wp-json\/wp\/v2\/types\/page"}],"author":[{"embeddable":true,"href":"https:\/\/www.huiles-d-olive.net\/index.php\/wp-json\/wp\/v2\/users\/1"}],"replies":[{"embeddable":true,"href":"https:\/\/www.huiles-d-olive.net\/index.php\/wp-json\/wp\/v2\/comments?post=8"}],"version-history":[{"count":3,"href":"https:\/\/www.huiles-d-olive.net\/index.php\/wp-json\/wp\/v2\/pages\/8\/revisions"}],"predecessor-version":[{"id":56,"href":"https:\/\/www.huiles-d-olive.net\/index.php\/wp-json\/wp\/v2\/pages\/8\/revisions\/56"}],"wp:featuredmedia":[{"embeddable":true,"href":"https:\/\/www.huiles-d-olive.net\/index.php\/wp-json\/wp\/v2\/media\/55"}],"wp:attachment":[{"href":"https:\/\/www.huiles-d-olive.net\/index.php\/wp-json\/wp\/v2\/media?parent=8"}],"curies":[{"name":"wp","href":"https:\/\/api.w.org\/{rel}","templated":true}]}}